{"id":364,"date":"2025-09-25T19:34:55","date_gmt":"2025-09-25T17:34:55","guid":{"rendered":"https:\/\/dev.fortydrops.eu\/dermartbuda.hu\/?page_id=364"},"modified":"2025-10-26T11:37:25","modified_gmt":"2025-10-26T10:37:25","slug":"karrier","status":"publish","type":"page","link":"https:\/\/dev.fortydrops.eu\/dermartbuda.hu\/karrier\/","title":{"rendered":"Karrier"},"content":{"rendered":"      <div id=\"hero-block_45d21aa02884bf67cdf8aba7e8b7c74e\" class=\"block hero\">\n         <section class=\"hero\">\n                          <div class=\"hero-container overflow-hidden\">\n                 <img decoding=\"async\" class=\"hero-image\" src=\"https:\/\/dev.fortydrops.eu\/dermartbuda.hu\/wp-content\/uploads\/2025\/09\/IMG_7029-2048x1536.jpeg\" alt>\n                 <div class=\"align-items-start d-flex flex-column h-100 hero-content justify-content-end justify-content-md-center\">\n                     <div class=\"container\">\n                         <div class=\"row\">\n                             <div class=\"col-12 col-lg-6 col-md-6 col-sm-12\">\n                                 <div class=\"pb-3 pb-md-5 pt-5 pt-md-5 w-100\">\n                                                                              <div class=\"card dermart-card dermart-corner hero-card shadow h-100\">\n                                             <div class=\"card-img-overlay position-relative\">\n                                                 <div class=\"dermart-line\">\n                                                                                                              <h2>Dolgozz vel\u00fcnk<\/h2>\n                                                                                                          <div><p>A Dermart Buda Klinika az eszt\u00e9\u00adtikai orvosl\u00e1s ter\u00fcleten m\u0171k\u00f6d\u0151 vezet\u0151 b\u0151rgy\u00f3\u00adgy\u00e1\u00adszati mag\u00e1n\u00adren\u00addel\u0151 eszt\u00e9\u00adtikai, plasz\u00adtikai seb\u00e9szeti, n\u0151gy\u00f3\u00adgy\u00e1\u00adszati j\u00e1r\u00f3beteg rende\u00adl\u00e9ssel \u00e9s kozme\u00adtikai szolg\u00e1ltat\u00e1ssal.<\/p>\n<p>Szolg\u00e1l\u00adta\u00adt\u00e1\u00adsaink folya\u00adma\u00adtosan b\u0151v\u00fclnek, ez\u00e9rt \u00faj koll\u00e9\u00adg\u00e1kkal szeret\u00adn\u00e9nk er\u0151s\u00ed\u00adteni csapatunkat.<\/p>\n<p>Ha szeretne egy stabil munka\u00adhe\u00adlyet bizto\u00ads\u00edt\u00f3, szakma\u00adilag inspi\u00adr\u00e1l\u00f3 mag\u00e1n\u00adren\u00adde\u00adl\u0151ben dolgozni, ahol fontos a&nbsp;preci\u00adzit\u00e1s, az elhiva\u00adtotts\u00e1g \u00e9s az emp\u00e1tia, \u00f6r\u00f6mmel v\u00e1rjuk jelentkez\u00e9s\u00e9t!<\/p>\n<\/div>                                                                                                      <\/div>\n                                             <\/div>\n                                         <\/div>\n                                                                      <\/div>\n                             <\/div>\n                         <\/div>\n                     <\/div>\n                 <\/div>\n             <\/div>\n         <\/section>\n     <\/div>\n\n \n\n<div id=\"open-positions-block_0f97911e9dcc8c0af8704aa7143c3b46\" class=\"block open-positions alignwide\">\n    <section class=\"open-positions\">\n                    <h2 class=\"open-positions-title py-5\">Aktu\u00e1lis nyitott poz\u00edci\u00f3ink<\/h2>\n                <div class=\"mb-5 row d-flex align-items-stretch gy-4\">\n                                <div class=\"col-md-6 col-sm-12 col-xl-4 d-flex\">\n                        <a class=\"open-position-link flex-fill\" href=\"https:\/\/dev.fortydrops.eu\/dermartbuda.hu\/karrier\/orvos\/\">\n                            <div class=\"card colleauge-card dermart-corner shadow h-100 \">\n                                <div class=\"d-flex flex-column justify-content-between h-100\">\n                                    <div class=\"ratio ratio-1x1\">\n                                        <img decoding=\"async\" src=\"https:\/\/dev.fortydrops.eu\/dermartbuda.hu\/wp-content\/uploads\/2025\/09\/AdobeStock_322607457-scaled-e1758876542555-1024x1024.jpeg\" class=\"card-img wp-post-image\" alt sizes=\"(max-width: 100px) 76vw, (max-width: 576px) 96vw, (max-width: 768px) 71vw, (max-width: 1400px) 22vw, 306px\" srcset=\"https:\/\/dev.fortydrops.eu\/dermartbuda.hu\/wp-content\/uploads\/2025\/09\/AdobeStock_322607457-scaled-e1758876542555-1024x1024.jpeg 1024w, https:\/\/dev.fortydrops.eu\/dermartbuda.hu\/wp-content\/uploads\/2025\/09\/AdobeStock_322607457-scaled-e1758876542555-300x300.jpeg 300w, https:\/\/dev.fortydrops.eu\/dermartbuda.hu\/wp-content\/uploads\/2025\/09\/AdobeStock_322607457-scaled-e1758876542555-150x150.jpeg 150w, https:\/\/dev.fortydrops.eu\/dermartbuda.hu\/wp-content\/uploads\/2025\/09\/AdobeStock_322607457-scaled-e1758876542555-768x768.jpeg 768w, https:\/\/dev.fortydrops.eu\/dermartbuda.hu\/wp-content\/uploads\/2025\/09\/AdobeStock_322607457-scaled-e1758876542555.jpeg 1280w\">                                    <\/div>\n                                    <div class=\"p-5\">\n                                        <h3 class=\"mb-4\">Orvos<\/h3>\n                                        <button href=\"#\" class=\"btn btn-primary w-100 text-decoration-none\">B\u0151vebben<\/button>\n                                    <\/div>\n                                <\/div>\n                                <div class=\"card-img-overlay\">\n                                    <div class=\"dermart-line\">\n                                    <\/div>\n                                <\/div>\n                            <\/div>\n                        <\/a>\n                    <\/div>\n                                <div class=\"col-md-6 col-sm-12 col-xl-4 d-flex\">\n                        <a class=\"open-position-link flex-fill\" href=\"https:\/\/dev.fortydrops.eu\/dermartbuda.hu\/karrier\/orvosi-asszisztens\/\">\n                            <div class=\"card colleauge-card dermart-corner shadow h-100 \">\n                                <div class=\"d-flex flex-column justify-content-between h-100\">\n                                    <div class=\"ratio ratio-1x1\">\n                                        <img decoding=\"async\" src=\"https:\/\/dev.fortydrops.eu\/dermartbuda.hu\/wp-content\/uploads\/2025\/09\/AdobeStock_519174969.jpeg\" class=\"card-img wp-post-image\" alt sizes=\"(max-width: 100px) 76vw, (max-width: 576px) 96vw, (max-width: 768px) 71vw, (max-width: 1400px) 22vw, 306px\" srcset=\"https:\/\/dev.fortydrops.eu\/dermartbuda.hu\/wp-content\/uploads\/2025\/09\/AdobeStock_519174969.jpeg 9504w, https:\/\/dev.fortydrops.eu\/dermartbuda.hu\/wp-content\/uploads\/2025\/09\/AdobeStock_519174969-300x200.jpeg 300w, https:\/\/dev.fortydrops.eu\/dermartbuda.hu\/wp-content\/uploads\/2025\/09\/AdobeStock_519174969-768x512.jpeg 768w\">                                    <\/div>\n                                    <div class=\"p-5\">\n                                        <h3 class=\"mb-4\">Orvosi asszisz\u00adtens<\/h3>\n                                        <button href=\"#\" class=\"btn btn-primary w-100 text-decoration-none\">B\u0151vebben<\/button>\n                                    <\/div>\n                                <\/div>\n                                <div class=\"card-img-overlay\">\n                                    <div class=\"dermart-line\">\n                                    <\/div>\n                                <\/div>\n                            <\/div>\n                        <\/a>\n                    <\/div>\n                                <div class=\"col-md-6 col-sm-12 col-xl-4 d-flex\">\n                        <a class=\"open-position-link flex-fill\" href=\"https:\/\/dev.fortydrops.eu\/dermartbuda.hu\/karrier\/recepcios-munkatars\/\">\n                            <div class=\"card colleauge-card dermart-corner shadow h-100 \">\n                                <div class=\"d-flex flex-column justify-content-between h-100\">\n                                    <div class=\"ratio ratio-1x1\">\n                                        <img decoding=\"async\" src=\"https:\/\/dev.fortydrops.eu\/dermartbuda.hu\/wp-content\/uploads\/2025\/09\/AdobeStock_329309335-1024x683.jpeg\" class=\"card-img wp-post-image\" alt sizes=\"(max-width: 100px) 76vw, (max-width: 576px) 96vw, (max-width: 768px) 71vw, (max-width: 1400px) 22vw, 306px\" srcset=\"https:\/\/dev.fortydrops.eu\/dermartbuda.hu\/wp-content\/uploads\/2025\/09\/AdobeStock_329309335-1024x683.jpeg 1024w, https:\/\/dev.fortydrops.eu\/dermartbuda.hu\/wp-content\/uploads\/2025\/09\/AdobeStock_329309335-300x200.jpeg 300w, https:\/\/dev.fortydrops.eu\/dermartbuda.hu\/wp-content\/uploads\/2025\/09\/AdobeStock_329309335-768x512.jpeg 768w, https:\/\/dev.fortydrops.eu\/dermartbuda.hu\/wp-content\/uploads\/2025\/09\/AdobeStock_329309335-1536x1024.jpeg 1536w, https:\/\/dev.fortydrops.eu\/dermartbuda.hu\/wp-content\/uploads\/2025\/09\/AdobeStock_329309335-2048x1365.jpeg 2048w\">                                    <\/div>\n                                    <div class=\"p-5\">\n                                        <h3 class=\"mb-4\">Recep\u00adci\u00f3s munkat\u00e1rs<\/h3>\n                                        <button href=\"#\" class=\"btn btn-primary w-100 text-decoration-none\">B\u0151vebben<\/button>\n                                    <\/div>\n                                <\/div>\n                                <div class=\"card-img-overlay\">\n                                    <div class=\"dermart-line\">\n                                    <\/div>\n                                <\/div>\n                            <\/div>\n                        <\/a>\n                    <\/div>\n                    <\/div>\n    <\/section>\n<\/div>","protected":false},"excerpt":{"rendered":"","protected":false},"author":1,"featured_media":0,"parent":0,"menu_order":0,"comment_status":"closed","ping_status":"closed","template":"","meta":{"_acf_changed":false,"inline_featured_image":false,"wp_typography_post_enhancements_disabled":false,"footnotes":""},"class_list":["post-364","page","type-page","status-publish","hentry"],"acf":[],"_links":{"self":[{"href":"https:\/\/dev.fortydrops.eu\/dermartbuda.hu\/wp-json\/wp\/v2\/pages\/364","targetHints":{"allow":["GET"]}}],"collection":[{"href":"https:\/\/dev.fortydrops.eu\/dermartbuda.hu\/wp-json\/wp\/v2\/pages"}],"about":[{"href":"https:\/\/dev.fortydrops.eu\/dermartbuda.hu\/wp-json\/wp\/v2\/types\/page"}],"author":[{"embeddable":true,"href":"https:\/\/dev.fortydrops.eu\/dermartbuda.hu\/wp-json\/wp\/v2\/users\/1"}],"replies":[{"embeddable":true,"href":"https:\/\/dev.fortydrops.eu\/dermartbuda.hu\/wp-json\/wp\/v2\/comments?post=364"}],"version-history":[{"count":9,"href":"https:\/\/dev.fortydrops.eu\/dermartbuda.hu\/wp-json\/wp\/v2\/pages\/364\/revisions"}],"predecessor-version":[{"id":1213,"href":"https:\/\/dev.fortydrops.eu\/dermartbuda.hu\/wp-json\/wp\/v2\/pages\/364\/revisions\/1213"}],"wp:attachment":[{"href":"https:\/\/dev.fortydrops.eu\/dermartbuda.hu\/wp-json\/wp\/v2\/media?parent=364"}],"curies":[{"name":"wp","href":"https:\/\/api.w.org\/{rel}","templated":true}]}}