{"id":28,"date":"2025-09-16T20:50:06","date_gmt":"2025-09-16T18:50:06","guid":{"rendered":"https:\/\/dev.fortydrops.eu\/dermartbuda.hu\/?page_id=28"},"modified":"2025-11-20T17:15:11","modified_gmt":"2025-11-20T16:15:11","slug":"kapcsolat","status":"publish","type":"page","link":"https:\/\/dev.fortydrops.eu\/dermartbuda.hu\/kapcsolat\/","title":{"rendered":"Kapcsolat"},"content":{"rendered":"  <div id=\"map-block_5d82efa816b952d6ecfee3bf25435428\" class=\"block hero map\">\n     <section class=\"hero\">\n                  <div class=\"hero-container overflow-hidden\">\n             <div id=\"contact_map\" class=\"mapbox-gl-map\">\n                 <div class=\"hero-content d-flex align-items-start flex-column h-100 justify-content-center\">\n                     <div class=\"container\">\n                         <div class=\"row\">\n                             <div class=\"col-12 col-lg-6 col-md-6 col-sm-12\">\n                                 <div class=\"pb-5 pt-5 w-100\">\n                                     <div class=\"card dermart-card map-card dermart-corner hero-card shadow h-100\">\n                                         <div class=\"card-img-overlay position-relative\">\n                                             <div class=\"dermart-line\">\n                                                                                                      <h2>Kapcsolat<\/h2>\n                                                                                                  <div><h4>Dermart Klinika Kft.<\/h4>\n<p>1113 Budapest, Bocskai \u00fat 31., I. em.&nbsp;2.<\/p>\n<h4>Bejelent\u00adkez\u00e9s<\/h4>\n<p><a href=\"tel:+3618861101\">+36 1&nbsp;886 1101<\/a><br>\n<a href=\"mailto:recepcio@dermartbuda.hu\">recepcio@dermartbuda.hu<\/a><\/p>\n<h4>Nyitva\u00adtart\u00e1s<\/h4>\n<p>H\u00e9tf\u0151 \u2013 P\u00e9ntek 9:00 \u2013 19:00<\/p>\n<\/div>                                                 <div id=\"block-14\" class=\"widget widget_block\">\n                                                     <ul class=\"wp-block-social-links has-icon-color is-style-logos-only is-content-justification-right is-layout-flex wp-block-social-links-is-layout-flex\" style=\"border-style:none;border-width:0px;border-radius:0px;margin-top:0;margin-bottom:0\">\n                                                         <li style=\"color: var(--primary-coral); \" class=\"wp-social-link wp-social-link-facebook  wp-block-social-link\"><a rel=\"noopener nofollow\" target=\"_blank\" href=\"https:\/\/www.facebook.com\/people\/Dermart-Klinika\/100088167908755\/\" class=\"wp-block-social-link-anchor\"><svg width=\"24\" height=\"24\" viewBox=\"0 0 24 24\" version=\"1.1\" aria-hidden=\"true\" focusable=\"false\">\n                                                                     <path d=\"M12 2C6.5 2 2 6.5 2 12c0 5 3.7 9.1 8.4 9.9v-7H7.9V12h2.5V9.8c0-2.5 1.5-3.9 3.8-3.9 1.1 0 2.2.2 2.2.2v2.5h-1.3c-1.2 0-1.6.8-1.6 1.6V12h2.8l-.4 2.9h-2.3v7C18.3 21.1 22 17 22 12c0-5.5-4.5-10-10-10z\" \/>\n                                                                 <\/svg><span class=\"wp-block-social-link-label screen-reader-text\">Facebook<\/span><\/a><\/li>\n\n                                                         <li style=\"color: var(--primary-coral); \" class=\"wp-social-link wp-social-link-instagram  wp-block-social-link\"><a rel=\"noopener nofollow\" target=\"_blank\" href=\"https:\/\/www.instagram.com\/dermartklinika\/\" class=\"wp-block-social-link-anchor\"><svg width=\"24\" height=\"24\" viewBox=\"0 0 24 24\" version=\"1.1\" aria-hidden=\"true\" focusable=\"false\">\n                                                                     <path d=\"M12,4.622c2.403,0,2.688,0.009,3.637,0.052c0.877,0.04,1.354,0.187,1.671,0.31c0.42,0.163,0.72,0.358,1.035,0.673 c0.315,0.315,0.51,0.615,0.673,1.035c0.123,0.317,0.27,0.794,0.31,1.671c0.043,0.949,0.052,1.234,0.052,3.637 s-0.009,2.688-0.052,3.637c-0.04,0.877-0.187,1.354-0.31,1.671c-0.163,0.42-0.358,0.72-0.673,1.035 c-0.315,0.315-0.615,0.51-1.035,0.673c-0.317,0.123-0.794,0.27-1.671,0.31c-0.949,0.043-1.233,0.052-3.637,0.052 s-2.688-0.009-3.637-0.052c-0.877-0.04-1.354-0.187-1.671-0.31c-0.42-0.163-0.72-0.358-1.035-0.673 c-0.315-0.315-0.51-0.615-0.673-1.035c-0.123-0.317-0.27-0.794-0.31-1.671C4.631,14.688,4.622,14.403,4.622,12 s0.009-2.688,0.052-3.637c0.04-0.877,0.187-1.354,0.31-1.671c0.163-0.42,0.358-0.72,0.673-1.035 c0.315-0.315,0.615-0.51,1.035-0.673c0.317-0.123,0.794-0.27,1.671-0.31C9.312,4.631,9.597,4.622,12,4.622 M12,3 C9.556,3,9.249,3.01,8.289,3.054C7.331,3.098,6.677,3.25,6.105,3.472C5.513,3.702,5.011,4.01,4.511,4.511 c-0.5,0.5-0.808,1.002-1.038,1.594C3.25,6.677,3.098,7.331,3.054,8.289C3.01,9.249,3,9.556,3,12c0,2.444,0.01,2.751,0.054,3.711 c0.044,0.958,0.196,1.612,0.418,2.185c0.23,0.592,0.538,1.094,1.038,1.594c0.5,0.5,1.002,0.808,1.594,1.038 c0.572,0.222,1.227,0.375,2.185,0.418C9.249,20.99,9.556,21,12,21s2.751-0.01,3.711-0.054c0.958-0.044,1.612-0.196,2.185-0.418 c0.592-0.23,1.094-0.538,1.594-1.038c0.5-0.5,0.808-1.002,1.038-1.594c0.222-0.572,0.375-1.227,0.418-2.185 C20.99,14.751,21,14.444,21,12s-0.01-2.751-0.054-3.711c-0.044-0.958-0.196-1.612-0.418-2.185c-0.23-0.592-0.538-1.094-1.038-1.594 c-0.5-0.5-1.002-0.808-1.594-1.038c-0.572-0.222-1.227-0.375-2.185-0.418C14.751,3.01,14.444,3,12,3L12,3z M12,7.378 c-2.552,0-4.622,2.069-4.622,4.622S9.448,16.622,12,16.622s4.622-2.069,4.622-4.622S14.552,7.378,12,7.378z M12,15 c-1.657,0-3-1.343-3-3s1.343-3,3-3s3,1.343,3,3S13.657,15,12,15z M16.804,6.116c-0.596,0-1.08,0.484-1.08,1.08 s0.484,1.08,1.08,1.08c0.596,0,1.08-0.484,1.08-1.08S17.401,6.116,16.804,6.116z\" \/>\n                                                                 <\/svg><span class=\"wp-block-social-link-label screen-reader-text\">Insta\u00adgram<\/span><\/a><\/li>\n\n                                                         <li style=\"color: var(--primary-coral); \" class=\"wp-social-link wp-social-link-youtube  wp-block-social-link\"><a rel=\"noopener nofollow\" target=\"_blank\" href=\"https:\/\/www.youtube.com\/channel\/UCPhUeEVkrhxLtqKmMJZmA2A\" class=\"wp-block-social-link-anchor\"><svg width=\"24\" height=\"24\" viewBox=\"0 0 24 24\" version=\"1.1\" aria-hidden=\"true\" focusable=\"false\">\n                                                                     <path d=\"M21.8,8.001c0,0-0.195-1.378-0.795-1.985c-0.76-0.797-1.613-0.801-2.004-0.847c-2.799-0.202-6.997-0.202-6.997-0.202 h-0.009c0,0-4.198,0-6.997,0.202C4.608,5.216,3.756,5.22,2.995,6.016C2.395,6.623,2.2,8.001,2.2,8.001S2,9.62,2,11.238v1.517 c0,1.618,0.2,3.237,0.2,3.237s0.195,1.378,0.795,1.985c0.761,0.797,1.76,0.771,2.205,0.855c1.6,0.153,6.8,0.201,6.8,0.201 s4.203-0.006,7.001-0.209c0.391-0.047,1.243-0.051,2.004-0.847c0.6-0.607,0.795-1.985,0.795-1.985s0.2-1.618,0.2-3.237v-1.517 C22,9.62,21.8,8.001,21.8,8.001z M9.935,14.594l-0.001-5.62l5.404,2.82L9.935,14.594z\" \/>\n                                                                 <\/svg><span class=\"wp-block-social-link-label screen-reader-text\">YouTube<\/span><\/a><\/li>\n\n                                                         <li style=\"color: var(--primary-coral); \" class=\"wp-social-link wp-social-link-tiktok  wp-block-social-link\"><a rel=\"noopener nofollow\" target=\"_blank\" href=\"https:\/\/www.tiktok.com\/@dermart.klinika\" class=\"wp-block-social-link-anchor\"><svg width=\"24\" height=\"24\" viewBox=\"0 0 32 32\" version=\"1.1\" aria-hidden=\"true\" focusable=\"false\">\n                                                                     <path d=\"M16.708 0.027c1.745-0.027 3.48-0.011 5.213-0.027 0.105 2.041 0.839 4.12 2.333 5.563 1.491 1.479 3.6 2.156 5.652 2.385v5.369c-1.923-0.063-3.855-0.463-5.6-1.291-0.76-0.344-1.468-0.787-2.161-1.24-0.009 3.896 0.016 7.787-0.025 11.667-0.104 1.864-0.719 3.719-1.803 5.255-1.744 2.557-4.771 4.224-7.88 4.276-1.907 0.109-3.812-0.411-5.437-1.369-2.693-1.588-4.588-4.495-4.864-7.615-0.032-0.667-0.043-1.333-0.016-1.984 0.24-2.537 1.495-4.964 3.443-6.615 2.208-1.923 5.301-2.839 8.197-2.297 0.027 1.975-0.052 3.948-0.052 5.923-1.323-0.428-2.869-0.308-4.025 0.495-0.844 0.547-1.485 1.385-1.819 2.333-0.276 0.676-0.197 1.427-0.181 2.145 0.317 2.188 2.421 4.027 4.667 3.828 1.489-0.016 2.916-0.88 3.692-2.145 0.251-0.443 0.532-0.896 0.547-1.417 0.131-2.385 0.079-4.76 0.095-7.145 0.011-5.375-0.016-10.735 0.025-16.093z\" \/>\n                                                                 <\/svg><span class=\"wp-block-social-link-label screen-reader-text\">TikTok<\/span><\/a><\/li>\n                                                     <\/ul>\n                                                 <\/div>\n                                             <\/div>\n                                         <\/div>\n                                     <\/div>\n                                 <\/div>\n                             <\/div>\n                         <\/div>\n                     <\/div>\n                 <\/div>\n             <\/div>\n         <\/div>\n     <\/section>\n <\/div>\n\n\n<div id=\"bejelentkezes\" class=\"alignfull py-5 block_bg_primary\">\n    <div class=\"container\">\n        <div id=\"appointment-block_3e2ef1a25cd5860cc16af799cd12e3cc\" class=\"block appointment\">\n            <section class=\"appointment my-5\">\n                <div class=\"row mb-4\">\n                                            <div class=\"col-12\">\n                            <h2 class=\"section-title mb-3\">Bejelent\u00adkez\u00e9s \/ Id\u0151pont egyeztet\u00e9s<\/h2>\n                        <\/div>\n                                                                <div class=\"col-12 col-lg-8\">\n                            <p>Amennyiben \u00e9rdek\u00adl\u0151dsz kezel\u00e9\u00adseink ir\u00e1nt \u00e9s szeretn\u00e9l id\u0151pontot foglalni szem\u00e9\u00adlyes konzul\u00adt\u00e1\u00adci\u00f3ra, k\u00e9rj\u00fck h\u00edvd klini\u00adk\u00e1nkat a +36 1&nbsp;886 1101 \u2011es telefon\u00adsz\u00e1mon, vagy t\u00f6ltsd ki al\u00e1bbi \u0171rlapunkat. Koll\u00e9\u00adg\u00e1ink r\u00f6vid id\u0151n bel\u00fcl feldol\u00adgozz\u00e1k k\u00e9r\u00e9sedet \u00e9s telefonon felve\u00adszik veled a&nbsp;kapcso\u00adlatot. K\u00f6sz\u00f6nj\u00fck!<\/p>\n                        <\/div>\n                                    <\/div>\n                <div class=\"appointment-form-content\">\n                    <form id=\"appointment-form\" novalidate>\n                        <div class=\"row d-flex align-items-stretch gy-3\">\n                            <div class=\"col-12 col-lg-5\">\n                                <div class=\"mb-3\">\n                                    <input type=\"text\" class=\"form-control\" id=\"name\" placeholder=\"N\u00e9v\">\n                                <\/div>\n                                <div class=\"mb-3\">\n                                    <input type=\"email\" class=\"form-control\" id=\"email\" placeholder=\"E-mail c\u00edm\">\n                                <\/div>\n                                <div class=\"mb-0\">\n                                    <input type=\"text\" class=\"form-control\" id=\"phone\" placeholder=\"Telefon\">\n                                <\/div>\n                            <\/div>\n                            <div class=\"col-12 col-lg-7\">\n                                <div class=\"h-100\">\n                                    <textarea class=\"form-control h-100\" id=\"message\" rows=\"5\" placeholder=\"Egy\u00e9b megjegyz\u00e9s, k\u00e9r\u00e9s...\"><\/textarea>\n                                <\/div>\n                            <\/div>\n                            <div class=\"col-12 mt-4\">\n                                <div class=\"form-check\">\n                                    <input class=\"form-check-input\" type=\"checkbox\" value id=\"checkDefault\">\n                                    <label class=\"form-check-label\" for=\"checkDefault\">\n                                        Megis\u00admertem \u00e9s elfogadom az <a href=\"https:\/\/dev.fortydrops.eu\/dermartbuda.hu\/adatkezelesi-tajekoztato\/\" target=\"_blank\">adatke\u00adze\u00adl\u00e9si t\u00e1j\u00e9koz\u00adtat\u00f3t<\/a>.\n                                    <\/label>\n                                <\/div>\n                                <button type=\"submit\" class=\"btn btn-primary mt-3\">K\u00fcld\u00e9s<\/button>\n                            <\/div>\n                        <\/div>\n                    <\/form>\n                <\/div>\n            <\/section>\n        <\/div>\n    <\/div>\n<\/div>\n\n\n<div class=\"wp-block-group alignfull has-secondary-beige-background-color has-background is-layout-constrained wp-block-group-is-layout-constrained\">\n<div class=\"wp-block-group is-layout-constrained wp-container-core-group-is-layout-df8428a5 wp-block-group-is-layout-constrained\" style=\"padding-top:0;padding-right:var(--wp--preset--spacing--30);padding-bottom:0;padding-left:var(--wp--preset--spacing--30)\">\n<div style=\"height:56px\" aria-hidden=\"true\" class=\"wp-block-spacer\"><\/div>\n\n\n\n<h2 class=\"wp-block-heading\">K\u00e9szen\u00adl\u00e9ti d\u00edj \/ Lemond\u00e1s<\/h2>\n\n\n\n<p>Klini\u00adk\u00e1nk k\u00e9szen\u00adl\u00e9ti d\u00edjat sz\u00e1mol fel abban az esetben, ha 24 \u00f3r\u00e1val kor\u00e1bban nem \u00e9rtes\u00ed\u00adtenek benn\u00fcnket a&nbsp;rende\u00adl\u00e9sr\u0151l val\u00f3 t\u00e1vol\u00adma\u00adra\u00add\u00e1sr\u00f3l. A&nbsp;t\u00e1vol\u00adma\u00adrad\u00e1s ok\u00e1t sajnos nem \u00e1ll m\u00f3dunkban figye\u00adlembe&nbsp;venni.<\/p>\n\n\n\n<p>Id\u0151pont lemon\u00add\u00e1sa kiz\u00e1r\u00f3lag e\u2011mailben lehet\u00ads\u00e9ges, ez\u00e9rt nyoma\u00adt\u00e9\u00adkosan megk\u00e9rj\u00fck P\u00e1cien\u00adse\u00adinket, hogy amennyiben nem \u00e9rzik magukat teljesen eg\u00e9sz\u00ads\u00e9\u00adgesnek, illetve egy\u00e9b okb\u00f3l kifoly\u00f3lag nem \u00e9rzik magukat alkal\u00admasnak a&nbsp;beavat\u00adko\u00adz\u00e1sra, abban az esetben is a&nbsp;lemon\u00add\u00e1st v\u00e1lassz\u00e1k.&nbsp;<\/p>\n\n\n\n<p>Amennyiben ezt nem teszik meg \u00e9s a&nbsp;beavat\u00adko\u00adz\u00e1sra nem alkalmas \u00e1llapotban jelennek meg klini\u00adk\u00e1nkon, a&nbsp;k\u00e9szen\u00adl\u00e9ti d\u00edjat ez esetben is felsz\u00e1m\u00edtjuk.<\/p>\n\n\n\n<p>Amennyiben telefonon nem vagyunk el\u00e9rhe\u00adt\u0151ek, k\u00e9rj\u00fck, hogy e\u2011mailt \u00edrj. Nem \u00e1ll m\u00f3dunkban Viber, WhatsApp, Messenger, stb. \u00fczenetre reag\u00e1lni.<\/p>\n\n\n\n<p>A k\u00e9szen\u00adl\u00e9ti d\u00edj \u00e9rt\u00e9ke 45 000 Ft, megegyezik a&nbsp;konzul\u00adt\u00e1\u00adci\u00f3s d\u00edj \u00e9rt\u00e9k\u00e9vel. B\u00e9rlet eset\u00e9n a&nbsp;d\u00edj nem vonhat\u00f3 le a&nbsp;b\u00e9rletb\u0151l.<\/p>\n\n\n\n<p>A k\u00e9szen\u00adl\u00e9ti d\u00edjat a&nbsp;k\u00f6vet\u00adkez\u0151 id\u0151pont el\u0151tt, a&nbsp;kik\u00fcl\u00add\u00f6tt d\u00edjbe\u00adk\u00e9r\u0151 alapj\u00e1n k\u00e9rj\u00fck rendezni; ennek hi\u00e1ny\u00e1ban nem \u00e1ll m\u00f3dunkban tov\u00e1bbi id\u0151pontot adni.<\/p>\n\n\n\n<div style=\"height:56px\" aria-hidden=\"true\" class=\"wp-block-spacer\"><\/div>\n<\/div>\n<\/div>\n\n\n\n<div class=\"alignfull py-5 block_bg_secondary\">\n    <div class=\"container\">\n        <div id=\"newsletter-block_ff867c4640051299d6a3fc35a4947c63\" class=\"block newsletter\">\n            <section class=\"newsletter my-5\">\n                <div class=\"row gy-4\">\n                    <div class=\"col-12 col-lg-6\">\n                        <div class=\"wp-block-embed__wrapper\">\n                            <iframe loading=\"lazy\" title=\"Dermart Buda enterieur\" width=\"640\" height=\"360\" src=\"https:\/\/www.youtube.com\/embed\/-8BBWmdq53E?feature=oembed\" frameborder=\"0\" allow=\"accelerometer; autoplay; clipboard-write; encrypted-media; gyroscope; picture-in-picture; web-share\" referrerpolicy=\"strict-origin-when-cross-origin\" allowfullscreen><\/iframe>                        <\/div>\n                    <\/div>\n                    <div class=\"col-12 col-lg-6\">\n                                                    <h2 class=\"section-title mb-3\">H\u00edrlev\u00e9l felirat\u00adkoz\u00e1s<\/h2>\n                                                                            <div class=\"mb-4\">\n                                <div>Iratkozz fel havi h\u00edrle\u00adve\u00adl\u00fcnkre, \u00e9s \u00e9rtes\u00fclj els\u0151k\u00e9nt \u00faj kezel\u00e9\u00adse\u00adinkr\u0151l, exkluz\u00edv aj\u00e1nla\u00adta\u00adinkr\u00f3l \u00e9s b\u0151rgy\u00f3\u00adgy\u00e1\u00adszati tippje\u00adinkr\u0151l. Pr\u00e9mium, l\u00e9nyegre t\u00f6r\u0151 tartalom, csak a&nbsp;legfon\u00adto\u00adsabb infor\u00adm\u00e1\u00adci\u00f3k havonta egyszer k\u00f6zvet\u00adlen\u00fcl az e\u2011mail fi\u00f3kodban.<\/div>\n                            <\/div>\n                                                \n\t\t\t<form id=\"sib_signup_form_3\" method=\"post\" class=\"sib_signup_form\">\n\t\t\t\t<div class=\"sib_loader\" style=\"display:none;\"><img src=\"https:\/\/dev.fortydrops.eu\/dermartbuda.hu\/wp-includes\/images\/spinner.gif\" alt=\"loader\"><\/div>\n\t\t\t\t<input type=\"hidden\" name=\"sib_form_action\" value=\"subscribe_form_submit\">\n\t\t\t\t<input type=\"hidden\" name=\"sib_form_id\" value=\"3\">\n                <input type=\"hidden\" name=\"sib_form_alert_notice\" value=\"K\u00e9rj\u00fck t\u00f6lts\u00f6n ki minden k\u00f6telez\u0151 mez\u0151t!\">\n                <input type=\"hidden\" name=\"sib_form_invalid_email_notice\" value=\"Az Email c\u00edm nem megfelel\u0151!\">\n                <input type=\"hidden\" name=\"sib_security\" value=\"3c22669be1\">\n\t\t\t\t<div class=\"sib_signup_box_inside_3\">\n\t\t\t\t\t<div style=\"\/*display:none*\/\" class=\"sib_msg_disp\">\n\t\t\t\t\t<\/div>\n                    \t\t\t\t\t<div class=\"row\">\n<div class=\"col-12 col-md-8 col-lg-6\">\n<div class=\"mb-3\">\n    <input type=\"text\" class=\"form-control form-control-sm sib-NAME-area\" name=\"NAME\" id=\"name\" placeholder=\"N\u00e9v\" required=\"required\">\n<\/div>\n\n<div class=\"mb-3\">\n    <input type=\"email\" class=\"form-control form-control-sm sib-email-area\" name=\"email\" id=\"email\" placeholder=\"E-mail\" required=\"required\">\n<\/div>\n<\/div>\n<\/div>\n\n<div class=\"form-check mb-3\">\n    <input class=\"form-check-input sib-interesting-lists\" type=\"checkbox\" id=\"bs_news\" value=\"4\" name=\"listIDs[]\" required=\"required\">\n    <label class=\"form-check-label\" for=\"bs_news\">Meg\u00e9r\u00adtettem \u00e9s elfogadom az <a href=\"https:\/\/dev.fortydrops.eu\/dermartbuda.hu\/adatkezelesi-tajekoztato\/\" target=\"_blank\">adatke\u00adze\u00adl\u00e9si t\u00e1j\u00e9koz\u00adtat\u00f3t<\/a>, valamint felirat\u00adkozom a&nbsp;Dermart Klinika Kft. h\u00edrlevel\u00e9re*<\/label>\n<\/div>\n\n<div id=\"sib_captcha mb-3\"><\/div>\n\n<div class=\"mt-3\">\n    <button type=\"submit\" class=\"sib-default-btn btn btn-primary\" value=\"Subscribe\">Feliratkoz\u00e1s<\/button>\n<\/div>\n\t\t\t\t<\/div>\n\t\t\t<\/form>\n\t\t\t<style>\n\t\t\t\tform#sib_signup_form_3 p.sib-alert-message {\n    padding: 6px 12px;\n    margin-bottom: 20px;\n    border: 1px solid transparent;\n    border-radius: 4px;\n    -webkit-box-sizing: border-box;\n    -moz-box-sizing: border-box;\n    box-sizing: border-box;\n}\nform#sib_signup_form_3 p.sib-alert-message-error {\n    background-color: #f2dede;\n    border-color: #ebccd1;\n    color: #a94442;\n}\nform#sib_signup_form_3 p.sib-alert-message-success {\n    background-color: #dff0d8;\n    border-color: #d6e9c6;\n    color: #3c763d;\n}\nform#sib_signup_form_3 p.sib-alert-message-warning {\n    background-color: #fcf8e3;\n    border-color: #faebcc;\n    color: #8a6d3b;\n}\n\t\t\t<\/style>\n\t\t\t                    <\/div>\n                <\/div>\n            <\/section>\n        <\/div>\n    <\/div>\n<\/div>\n","protected":false},"excerpt":{"rendered":"<p>K\u00e9szen\u00adl\u00e9ti d\u00edj \/ Lemond\u00e1s Klini\u00adk\u00e1nk k\u00e9szen\u00adl\u00e9ti d\u00edjat sz\u00e1mol fel abban az esetben, ha 24 \u00f3r\u00e1val kor\u00e1bban nem \u00e9rtes\u00ed\u00adtenek benn\u00fcnket a&nbsp;rende\u00adl\u00e9sr\u0151l val\u00f3 t\u00e1vol\u00adma\u00adra\u00add\u00e1sr\u00f3l. A&nbsp;t\u00e1vol\u00adma\u00adrad\u00e1s ok\u00e1t sajnos nem \u00e1ll m\u00f3dunkban figye\u00adlembe&nbsp;venni. Id\u0151pont lemon\u00add\u00e1sa kiz\u00e1r\u00f3lag e\u2011mailben lehet\u00ads\u00e9ges, ez\u00e9rt nyoma\u00adt\u00e9\u00adkosan megk\u00e9rj\u00fck P\u00e1cien\u00adse\u00adinket, hogy amennyiben nem \u00e9rzik magukat teljesen eg\u00e9sz\u00ads\u00e9\u00adgesnek, illetve egy\u00e9b okb\u00f3l kifoly\u00f3lag nem \u00e9rzik magukat alkal\u00admasnak a&nbsp;beavat\u00adko\u00adz\u00e1sra, abban&nbsp;[\u2026]<\/p>\n","protected":false},"author":1,"featured_media":0,"parent":0,"menu_order":0,"comment_status":"closed","ping_status":"closed","template":"","meta":{"_acf_changed":false,"inline_featured_image":false,"wp_typography_post_enhancements_disabled":false,"footnotes":""},"class_list":["post-28","page","type-page","status-publish","hentry"],"acf":[],"_links":{"self":[{"href":"https:\/\/dev.fortydrops.eu\/dermartbuda.hu\/wp-json\/wp\/v2\/pages\/28","targetHints":{"allow":["GET"]}}],"collection":[{"href":"https:\/\/dev.fortydrops.eu\/dermartbuda.hu\/wp-json\/wp\/v2\/pages"}],"about":[{"href":"https:\/\/dev.fortydrops.eu\/dermartbuda.hu\/wp-json\/wp\/v2\/types\/page"}],"author":[{"embeddable":true,"href":"https:\/\/dev.fortydrops.eu\/dermartbuda.hu\/wp-json\/wp\/v2\/users\/1"}],"replies":[{"embeddable":true,"href":"https:\/\/dev.fortydrops.eu\/dermartbuda.hu\/wp-json\/wp\/v2\/comments?post=28"}],"version-history":[{"count":23,"href":"https:\/\/dev.fortydrops.eu\/dermartbuda.hu\/wp-json\/wp\/v2\/pages\/28\/revisions"}],"predecessor-version":[{"id":1990,"href":"https:\/\/dev.fortydrops.eu\/dermartbuda.hu\/wp-json\/wp\/v2\/pages\/28\/revisions\/1990"}],"wp:attachment":[{"href":"https:\/\/dev.fortydrops.eu\/dermartbuda.hu\/wp-json\/wp\/v2\/media?parent=28"}],"curies":[{"name":"wp","href":"https:\/\/api.w.org\/{rel}","templated":true}]}}