{"id":2377,"date":"2026-03-31T11:45:35","date_gmt":"2026-03-31T09:45:35","guid":{"rendered":"https:\/\/dev.fortydrops.eu\/dermartbuda.hu\/?page_id=2377"},"modified":"2026-04-02T17:12:01","modified_gmt":"2026-04-02T15:12:01","slug":"akademia","status":"publish","type":"page","link":"https:\/\/dev.fortydrops.eu\/dermartbuda.hu\/akademia\/","title":{"rendered":"Akad\u00e9mia"},"content":{"rendered":"      <div id=\"hero-block_7b70797012aa8b5678eb8ec6cf19b896\" class=\"block hero\">\n         <section class=\"hero\">\n                          <div class=\"hero-container overflow-hidden\">\n                 <img decoding=\"async\" class=\"hero-image\" src=\"https:\/\/dev.fortydrops.eu\/dermartbuda.hu\/wp-content\/uploads\/2026\/04\/akademia-kezdo.png\" alt>\n                 <div class=\"align-items-start d-flex flex-column h-100 hero-content justify-content-end justify-content-md-center\">\n                     <div class=\"container\">\n                         <div class=\"row\">\n                             <div class=\"col-12 col-lg-6 col-md-6 col-sm-12\">\n                                 <div class=\"pb-3 pb-md-5 pt-5 pt-md-5 w-100\">\n                                                                              <div class=\"card dermart-card dermart-corner hero-card shadow \">\n                                             <div class=\"card-img-overlay \">\n                                                 <div class=\"dermart-line\">\n                                                                                                              <h2>Akad\u00e9mia<\/h2>\n                                                                                                          <div><p>A Dermart Buda szakmai sikereit a&nbsp;folya\u00admatos tud\u00e1s\u00admeg\u00adoszt\u00e1s alapozza meg. Ismerje meg k\u00e9pz\u00e9\u00adse\u00adinket, \u00e9s v\u00e1lassza ki a&nbsp;fejl\u0151\u00add\u00e9s\u00e9t legjobban t\u00e1mogat\u00f3 lehet\u0151s\u00e9get!<\/p>\n<\/div>                                                                                                              <a href=\"#kepzeseink\" class=\"btn btn-primary w-100\" cms-post-link>K\u00e9pz\u00e9\u00adseink<\/a>\n                                                                                                      <\/div>\n                                             <\/div>\n                                         <\/div>\n                                                                      <\/div>\n                             <\/div>\n                         <\/div>\n                     <\/div>\n                 <\/div>\n             <\/div>\n         <\/section>\n     <\/div>\n\n \n\n\n<p>A Dermart Buda k\u00e9pz\u00e9si programjai az eszt\u00e9\u00adtikai orvosl\u00e1s \u00e9s a&nbsp;praxis\u00adve\u00adzet\u00e9s ter\u00fclet\u00e9n ny\u00fajtanak gyakor\u00adlat\u00adori\u00aden\u00adt\u00e1lt, magas szint\u0171 szakmai tov\u00e1bb\u00adk\u00e9p\u00adz\u00e9st. A&nbsp;programok c\u00e9lja, hogy a&nbsp;r\u00e9szt\u00advev\u0151 orvosok \u00e9s szakem\u00adberek napra\u00adk\u00e9sz tud\u00e1st, bizton\u00ads\u00e1gos technikai alapokat \u00e9s olyan szeml\u00e9\u00adletet saj\u00e1t\u00edt\u00adsanak el, amely hossz\u00fa t\u00e1von is t\u00e1mogatja szakmai fejl\u0151\u00add\u00e9\u00ads\u00fcket \u00e9s praxisuk sikeres m\u0171k\u00f6d\u00e9s\u00e9t. A&nbsp;k\u00e9pz\u00e9sek sor\u00e1n kiemelt szerepet kap a&nbsp;struk\u00adtu\u00adr\u00e1lt szakmai gondol\u00adkod\u00e1s, a&nbsp;prec\u00edz technikai kivite\u00adlez\u00e9s \u00e9s a&nbsp;p\u00e1cien\u00adsekkel val\u00f3 hat\u00e9kony kommunik\u00e1ci\u00f3.<\/p>\n\n\n\n<p>A tr\u00e9nin\u00adgeket a&nbsp;Dermart Buda tapasz\u00adtalt szakem\u00adberei tartj\u00e1k, k\u00f6zt\u00fck&nbsp;Dr. P\u00f3nyai Katinka PhD&nbsp;b\u0151rgy\u00f3\u00adgy\u00e1sz szakorvos, valamint a&nbsp;klinika strat\u00e9\u00adgiai \u00e9s oktat\u00e1si vezet\u0151je,&nbsp;Mik\u00f3 Hilda, akik saj\u00e1t klinikai \u00e9s \u00fczleti tapasz\u00adta\u00adla\u00adtaik alapj\u00e1n adj\u00e1k \u00e1t tud\u00e1sukat. A&nbsp;gyakor\u00adlati oktat\u00e1sok sor\u00e1n a&nbsp;r\u00e9szt\u00advev\u0151k r\u00e9szletes betekin\u00adt\u00e9st kapnak az eszt\u00e9\u00adtikai kezel\u00e9sek indik\u00e1\u00adci\u00ad\u00f3iba, technikai kivite\u00adle\u00adz\u00e9\u00ads\u00e9be, az anyag\u00adis\u00adme\u00adretbe \u00e9s a&nbsp;lehet\u00ads\u00e9ges sz\u00f6v\u0151d\u00adm\u00e9\u00adnyek kezel\u00e9\u00ads\u00e9be. A&nbsp;hands-on tr\u00e9ningek lehet\u0151\u00ads\u00e9get adnak arra is, hogy a&nbsp;r\u00e9szt\u00advev\u0151k fel\u00fcgyelet mellett, bizton\u00ads\u00e1gos k\u00f6rnye\u00adzetben gyako\u00adrolj\u00e1k a&nbsp;k\u00fcl\u00f6n\u00adb\u00f6z\u0151 kezel\u00e9si technik\u00e1kat.<\/p>\n\n\n\n<p>A szakmai k\u00e9pz\u00e9sek mellett kommu\u00adni\u00adk\u00e1\u00adci\u00f3s \u00e9s praxis\u00ad\u00e9p\u00ed\u00adt\u00e9si programok is el\u00e9rhet\u0151k, amelyek az orvosi konzul\u00adt\u00e1ci\u00f3 hat\u00e9kony\u00ads\u00e1g\u00e1t, a&nbsp;p\u00e1cien\u00adsekkel val\u00f3 egy\u00fctt\u00adm\u0171\u00adk\u00f6\u00add\u00e9st \u00e9s a&nbsp;tudatos praxis\u00ad\u00e9p\u00ed\u00adt\u00e9st t\u00e1mogatj\u00e1k. A&nbsp;programok gyakor\u00adlati esetta\u00adnul\u00adm\u00e1\u00adnyokra, szimu\u00adl\u00e1\u00adci\u00ad\u00f3kra \u00e9s a&nbsp;r\u00e9szt\u00advev\u0151k saj\u00e1t tapasz\u00adta\u00adla\u00adtaira \u00e9p\u00fclnek, \u00edgy a&nbsp;megszer\u00adzett tud\u00e1s azonnal alkal\u00admaz\u00adhat\u00f3 a&nbsp;minden\u00adnapi orvosi gyakorlatban.<\/p>\n\n\n\n<p>A Dermart Buda k\u00e9pz\u00e9sei kis l\u00e9tsz\u00e1m\u00fa csopor\u00adtokban zajlanak, hogy minden r\u00e9szt\u00advev\u0151 szem\u00e9lyre szabott figyelmet \u00e9s val\u00f3di gyakor\u00adlati tapasz\u00adta\u00adlatot kapjon. A&nbsp;c\u00e9l nem csup\u00e1n technik\u00e1k \u00e1tad\u00e1sa, hanem egy olyan szakmai szeml\u00e9let kiala\u00adk\u00ed\u00adt\u00e1sa, amely a&nbsp;bizton\u00ads\u00e1gos kezel\u00e9\u00adsekre, a&nbsp;felel\u0151s d\u00f6nt\u00e9s\u00adho\u00adza\u00adtalra \u00e9s a&nbsp;hossz\u00fa t\u00e1v\u00fa szakmai fejl\u0151\u00add\u00e9sre&nbsp;\u00e9p\u00fcl.<\/p>\n\n\n\n<p><strong>G\u00f6rgessen lejjebb, \u00e9s v\u00e1lassza ki az \u00d6n fejl\u0151\u00add\u00e9s\u00e9t legjobban szolg\u00e1l\u00f3 k\u00e9pz\u00e9\u00ads\u00fcnket, vagy keresse oktat\u00e1si vezet\u0151nket szem\u00e9lyesen!<\/strong><\/p>\n\n\n\n<p><strong>Kapcsolat:<\/strong><br><strong>E\u2011mail:<\/strong>&nbsp;<a href=\"mailto:miko.hilda@dermartbuda.hu\" target=\"_blank\" rel=\"noreferrer noopener\">miko.hilda@dermartbuda.hu<\/a> <br><strong>Telefon:<\/strong>&nbsp;+36 30 324&nbsp;6590<\/p>\n\n\n\n<h2 class=\"wp-block-heading alignwide\" id=\"kepzeseink\">K\u00e9pz\u00e9\u00adseink<\/h2>\n\n\n<div id=\"courses-block_7e67352679fcdf3e5cee563669f0b2e1\" class=\"block courses alignwide\">\n    <section class=\"courses\">\n                <div class=\"mb-5 row d-flex align-items-stretch gy-4\">\n                                <div class=\"col-md-6 col-sm-12 col-xl-4 d-flex\">\n                        <a class=\"course-link flex-fill\" href=\"https:\/\/dev.fortydrops.eu\/dermartbuda.hu\/akademia\/praxis-indito-kepzes-orvosoknak\/\">\n                            <div class=\"card colleauge-card dermart-corner shadow h-100 \">\n                                <div class=\"d-flex flex-column justify-content-between h-100\">\n                                    <div class=\"ratio ratio-1x1\">\n                                        <img decoding=\"async\" src=\"https:\/\/dev.fortydrops.eu\/dermartbuda.hu\/wp-content\/uploads\/2025\/10\/Dermart-kezelesek-konzultacio-bordiagnosztika-1024x683.jpeg\" class=\"card-img wp-post-image\" alt sizes=\"(max-width: 100px) 76vw, (max-width: 576px) 96vw, (max-width: 768px) 71vw, (max-width: 1400px) 22vw, 306px\" srcset=\"https:\/\/dev.fortydrops.eu\/dermartbuda.hu\/wp-content\/uploads\/2025\/10\/Dermart-kezelesek-konzultacio-bordiagnosztika-1024x683.jpeg 1024w, https:\/\/dev.fortydrops.eu\/dermartbuda.hu\/wp-content\/uploads\/2025\/10\/Dermart-kezelesek-konzultacio-bordiagnosztika-300x200.jpeg 300w, https:\/\/dev.fortydrops.eu\/dermartbuda.hu\/wp-content\/uploads\/2025\/10\/Dermart-kezelesek-konzultacio-bordiagnosztika-768x513.jpeg 768w, https:\/\/dev.fortydrops.eu\/dermartbuda.hu\/wp-content\/uploads\/2025\/10\/Dermart-kezelesek-konzultacio-bordiagnosztika-1536x1025.jpeg 1536w, https:\/\/dev.fortydrops.eu\/dermartbuda.hu\/wp-content\/uploads\/2025\/10\/Dermart-kezelesek-konzultacio-bordiagnosztika-2048x1367.jpeg 2048w\">                                    <\/div>\n                                    <div class=\"p-5\">\n                                        <h3 class=\"mb-4\">Praxis ind\u00edt\u00f3 k\u00e9pz\u00e9s orvosoknak<\/h3>\n                                        <button href=\"#\" class=\"btn btn-primary w-100 text-decoration-none\">B\u0151vebben<\/button>\n                                    <\/div>\n                                <\/div>\n                                <div class=\"card-img-overlay\">\n                                    <div class=\"dermart-line\">\n                                    <\/div>\n                                <\/div>\n                            <\/div>\n                        <\/a>\n                    <\/div>\n                                <div class=\"col-md-6 col-sm-12 col-xl-4 d-flex\">\n                        <a class=\"course-link flex-fill\" href=\"https:\/\/dev.fortydrops.eu\/dermartbuda.hu\/akademia\/just-say-no-kommunikacios-trening-orvosoknak\/\">\n                            <div class=\"card colleauge-card dermart-corner shadow h-100 \">\n                                <div class=\"d-flex flex-column justify-content-between h-100\">\n                                    <div class=\"ratio ratio-1x1\">\n                                        <img decoding=\"async\" src=\"https:\/\/dev.fortydrops.eu\/dermartbuda.hu\/wp-content\/uploads\/2026\/03\/say-no-1024x452.png\" class=\"card-img wp-post-image\" alt sizes=\"(max-width: 100px) 76vw, (max-width: 576px) 96vw, (max-width: 768px) 71vw, (max-width: 1400px) 22vw, 306px\" srcset=\"https:\/\/dev.fortydrops.eu\/dermartbuda.hu\/wp-content\/uploads\/2026\/03\/say-no-1024x452.png 1024w, https:\/\/dev.fortydrops.eu\/dermartbuda.hu\/wp-content\/uploads\/2026\/03\/say-no-300x132.png 300w, https:\/\/dev.fortydrops.eu\/dermartbuda.hu\/wp-content\/uploads\/2026\/03\/say-no-768x339.png 768w, https:\/\/dev.fortydrops.eu\/dermartbuda.hu\/wp-content\/uploads\/2026\/03\/say-no.png 1338w\">                                    <\/div>\n                                    <div class=\"p-5\">\n                                        <h3 class=\"mb-4\">Just say NO! \u2013 kommu\u00adni\u00adk\u00e1\u00adci\u00f3s tr\u00e9ning orvosoknak<\/h3>\n                                        <button href=\"#\" class=\"btn btn-primary w-100 text-decoration-none\">B\u0151vebben<\/button>\n                                    <\/div>\n                                <\/div>\n                                <div class=\"card-img-overlay\">\n                                    <div class=\"dermart-line\">\n                                    <\/div>\n                                <\/div>\n                            <\/div>\n                        <\/a>\n                    <\/div>\n                    <\/div>\n    <\/section>\n<\/div>","protected":false},"excerpt":{"rendered":"<p>A Dermart Buda k\u00e9pz\u00e9si programjai az eszt\u00e9\u00adtikai orvosl\u00e1s \u00e9s a&nbsp;praxis\u00adve\u00adzet\u00e9s ter\u00fclet\u00e9n ny\u00fajtanak gyakor\u00adlat\u00adori\u00aden\u00adt\u00e1lt, magas szint\u0171 szakmai tov\u00e1bb\u00adk\u00e9p\u00adz\u00e9st. A&nbsp;programok c\u00e9lja, hogy a&nbsp;r\u00e9szt\u00advev\u0151 orvosok \u00e9s szakem\u00adberek napra\u00adk\u00e9sz tud\u00e1st, bizton\u00ads\u00e1gos technikai alapokat \u00e9s olyan szeml\u00e9\u00adletet saj\u00e1t\u00edt\u00adsanak el, amely hossz\u00fa t\u00e1von is t\u00e1mogatja szakmai fejl\u0151\u00add\u00e9\u00ads\u00fcket \u00e9s praxisuk sikeres m\u0171k\u00f6d\u00e9s\u00e9t. A&nbsp;k\u00e9pz\u00e9sek sor\u00e1n kiemelt szerepet kap a&nbsp;struk\u00adtu\u00adr\u00e1lt szakmai gondol\u00adkod\u00e1s, a&nbsp;prec\u00edz technikai&nbsp;[\u2026]<\/p>\n","protected":false},"author":1,"featured_media":0,"parent":0,"menu_order":0,"comment_status":"closed","ping_status":"closed","template":"","meta":{"_acf_changed":false,"inline_featured_image":false,"wp_typography_post_enhancements_disabled":false,"footnotes":""},"class_list":["post-2377","page","type-page","status-publish","hentry"],"acf":[],"_links":{"self":[{"href":"https:\/\/dev.fortydrops.eu\/dermartbuda.hu\/wp-json\/wp\/v2\/pages\/2377","targetHints":{"allow":["GET"]}}],"collection":[{"href":"https:\/\/dev.fortydrops.eu\/dermartbuda.hu\/wp-json\/wp\/v2\/pages"}],"about":[{"href":"https:\/\/dev.fortydrops.eu\/dermartbuda.hu\/wp-json\/wp\/v2\/types\/page"}],"author":[{"embeddable":true,"href":"https:\/\/dev.fortydrops.eu\/dermartbuda.hu\/wp-json\/wp\/v2\/users\/1"}],"replies":[{"embeddable":true,"href":"https:\/\/dev.fortydrops.eu\/dermartbuda.hu\/wp-json\/wp\/v2\/comments?post=2377"}],"version-history":[{"count":10,"href":"https:\/\/dev.fortydrops.eu\/dermartbuda.hu\/wp-json\/wp\/v2\/pages\/2377\/revisions"}],"predecessor-version":[{"id":2413,"href":"https:\/\/dev.fortydrops.eu\/dermartbuda.hu\/wp-json\/wp\/v2\/pages\/2377\/revisions\/2413"}],"wp:attachment":[{"href":"https:\/\/dev.fortydrops.eu\/dermartbuda.hu\/wp-json\/wp\/v2\/media?parent=2377"}],"curies":[{"name":"wp","href":"https:\/\/api.w.org\/{rel}","templated":true}]}}