{"id":2153,"date":"2026-01-09T17:08:29","date_gmt":"2026-01-09T16:08:29","guid":{"rendered":"https:\/\/dev.fortydrops.eu\/dermartbuda.hu\/?page_id=2153"},"modified":"2026-01-09T17:13:39","modified_gmt":"2026-01-09T16:13:39","slug":"impresszum","status":"publish","type":"page","link":"https:\/\/dev.fortydrops.eu\/dermartbuda.hu\/impresszum\/","title":{"rendered":"Impresszum"},"content":{"rendered":"\n<h2 class=\"wp-block-heading\">C\u00e9gadatok<\/h2>\n\n\n\n<p>C\u00e9gn\u00e9v: Dermart Klinika Korl\u00e1\u00adtolt Felel\u0151s\u00ads\u00e9g\u0171 T\u00e1rsas\u00e1g<br>Sz\u00e9khely: 1113 Budapest, Bocskai \u00fat 31. I. 2.<br>C\u00e9gjegy\u00adz\u00e9k\u00adsz\u00e1m : 01\u221209\u2212322171<br>Ad\u00f3sz\u00e1m: 26287780\u22122\u221243<br>Telefon: <a href=\"tel:+36 1 886 1101\">+36 1&nbsp;886 1101<\/a><br>E\u2011mail c\u00edm:&nbsp;<a href=\"https:\/\/project.fortydrops.eu\/project\/dermartbudahu\/issue\/mailto:recepcio@dermartbuda.hu\" target=\"_blank\" rel=\"noopener\">recepcio@dermartbuda.hu<\/a><\/p>\n\n\n\n<h2 class=\"wp-block-heading\">T\u00e1rhely\u00adszol\u00adg\u00e1l\u00adtat\u00f3<\/h2>\n\n\n\n<p>Szolg\u00e1l\u00adtat\u00f3 neve: Rackhost Zrt.<br>Sz\u00e9khelye: 6722 Szeged, Tisza Lajos k\u00f6r\u00fat 41.<br>Telefon: <a href=\"tel:+36 1 445 1200\">+36 1&nbsp;445 1200<\/a><br>E\u2011mail: <a href=\"mailto:info@rackhost.hu\">info@rackhost.hu<\/a><\/p>\n","protected":false},"excerpt":{"rendered":"<p>C\u00e9gadatok C\u00e9gn\u00e9v: Dermart Klinika Korl\u00e1\u00adtolt Felel\u0151s\u00ads\u00e9g\u0171 T\u00e1rsa\u00ads\u00e1g\u00adSz\u00e9k\u00adhely: 1113 Budapest, Bocskai \u00fat 31. I. 2.C\u00e9gjegy\u00adz\u00e9k\u00adsz\u00e1m : 01\u221209\u2212322171Ad\u00f3sz\u00e1m: 26287780\u22122\u221243Telefon: +36 1&nbsp;886 1101E\u2011mail c\u00edm:&nbsp;recepcio@dermartbuda.hu T\u00e1rhely\u00adszol\u00adg\u00e1l\u00adtat\u00f3 Szolg\u00e1l\u00adtat\u00f3 neve: Rackhost Zrt.Sz\u00e9khelye: 6722 Szeged, Tisza Lajos k\u00f6r\u00fat 41.Telefon: +36 1&nbsp;445 1200E\u2011mail: info@rackhost.hu<\/p>\n","protected":false},"author":1,"featured_media":0,"parent":0,"menu_order":0,"comment_status":"closed","ping_status":"closed","template":"","meta":{"_acf_changed":false,"inline_featured_image":false,"wp_typography_post_enhancements_disabled":false,"footnotes":""},"class_list":["post-2153","page","type-page","status-publish","hentry"],"acf":[],"_links":{"self":[{"href":"https:\/\/dev.fortydrops.eu\/dermartbuda.hu\/wp-json\/wp\/v2\/pages\/2153","targetHints":{"allow":["GET"]}}],"collection":[{"href":"https:\/\/dev.fortydrops.eu\/dermartbuda.hu\/wp-json\/wp\/v2\/pages"}],"about":[{"href":"https:\/\/dev.fortydrops.eu\/dermartbuda.hu\/wp-json\/wp\/v2\/types\/page"}],"author":[{"embeddable":true,"href":"https:\/\/dev.fortydrops.eu\/dermartbuda.hu\/wp-json\/wp\/v2\/users\/1"}],"replies":[{"embeddable":true,"href":"https:\/\/dev.fortydrops.eu\/dermartbuda.hu\/wp-json\/wp\/v2\/comments?post=2153"}],"version-history":[{"count":2,"href":"https:\/\/dev.fortydrops.eu\/dermartbuda.hu\/wp-json\/wp\/v2\/pages\/2153\/revisions"}],"predecessor-version":[{"id":2155,"href":"https:\/\/dev.fortydrops.eu\/dermartbuda.hu\/wp-json\/wp\/v2\/pages\/2153\/revisions\/2155"}],"wp:attachment":[{"href":"https:\/\/dev.fortydrops.eu\/dermartbuda.hu\/wp-json\/wp\/v2\/media?parent=2153"}],"curies":[{"name":"wp","href":"https:\/\/api.w.org\/{rel}","templated":true}]}}