{"id":2098,"date":"2025-12-02T10:26:51","date_gmt":"2025-12-02T09:26:51","guid":{"rendered":"https:\/\/dev.fortydrops.eu\/dermartbuda.hu\/?page_id=2098"},"modified":"2025-12-02T17:59:28","modified_gmt":"2025-12-02T16:59:28","slug":"dermart-buda-husegprogram","status":"publish","type":"page","link":"https:\/\/dev.fortydrops.eu\/dermartbuda.hu\/dermart-buda-husegprogram\/","title":{"rendered":"Dermart Buda H\u0171s\u00e9gprogram"},"content":{"rendered":"<figure class=\"wp-block-post-featured-image\"><img loading=\"lazy\" decoding=\"async\" width=\"2600\" height=\"1733\" src=\"https:\/\/dev.fortydrops.eu\/dermartbuda.hu\/wp-content\/uploads\/2025\/11\/Husegprogram-web.jpg\" class=\"attachment-post-thumbnail size-post-thumbnail wp-post-image\" alt style=\"object-fit:cover;\" srcset=\"https:\/\/dev.fortydrops.eu\/dermartbuda.hu\/wp-content\/uploads\/2025\/11\/Husegprogram-web.jpg 2600w, https:\/\/dev.fortydrops.eu\/dermartbuda.hu\/wp-content\/uploads\/2025\/11\/Husegprogram-web-300x200.jpg 300w, https:\/\/dev.fortydrops.eu\/dermartbuda.hu\/wp-content\/uploads\/2025\/11\/Husegprogram-web-1024x683.jpg 1024w, https:\/\/dev.fortydrops.eu\/dermartbuda.hu\/wp-content\/uploads\/2025\/11\/Husegprogram-web-768x512.jpg 768w, https:\/\/dev.fortydrops.eu\/dermartbuda.hu\/wp-content\/uploads\/2025\/11\/Husegprogram-web-1536x1024.jpg 1536w, https:\/\/dev.fortydrops.eu\/dermartbuda.hu\/wp-content\/uploads\/2025\/11\/Husegprogram-web-2048x1365.jpg 2048w\" sizes=\"auto, (max-width: 2600px) 100vw, 2600px\"><\/figure>\n\n\n<p>V\u00e1s\u00e1rolj kedvenc kozme\u00adtikai, sz\u00e9ps\u00e9g\u00ad\u00e1po\u00adl\u00e1si term\u00e9\u00adke\u00adidb\u0151l a&nbsp;Dermart Bud\u00e1n\u00e1l \u00e9s \u00e9lvezd h\u0171s\u00e9g\u00e9d jutalm\u00e1t!<\/p>\n\n\n\n<p>H\u0171s\u00e9g\u00adprog\u00adra\u00admunk r\u00e9szt\u00adve\u00adv\u0151it v\u00e1s\u00e1r\u00adl\u00e1\u00adsaik \u00e9ves \u00f6sszege alapj\u00e1n jutalmazzuk.&nbsp;<\/p>\n\n\n\n<p>Amennyiben v\u00e1s\u00e1r\u00adl\u00e1\u00adsaid \u00f6ssz\u00e9r\u00adt\u00e9ke el\u00e9ri a&nbsp;megha\u00adt\u00e1\u00adro\u00adzott \u00e9rt\u00e9k\u00adha\u00adt\u00e1\u00adrokat, Sz\u00e9ps\u00e9g\u00adk\u00e1r\u00adty\u00e1t adunk aj\u00e1nd\u00e9kba, amely a&nbsp;Dermart Buda Klinika kezel\u00e9\u00adseire v\u00e1lthat\u00f3 be a&nbsp;<a href=\"https:\/\/dev.fortydrops.eu\/dermartbuda.hu\/arlista\/\" data-type=\"page\" data-id=\"20\">dermartbuda.hu<\/a> oldalon felt\u00fcn\u00adte\u00adtett \u00e1rak szerint.&nbsp;<\/p>\n\n\n\n<p>Amennyiben v\u00e1s\u00e1r\u00adl\u00e1\u00adsaid \u00f6ssz\u00e9r\u00adt\u00e9ke el\u00e9ri az 500 000 Ft-ot, egy 50 000 Ft \u00e9rt\u00e9k\u0171 Sz\u00e9ps\u00e9g\u00adk\u00e1r\u00adty\u00e1t adunk aj\u00e1nd\u00e9kba.&nbsp;<\/p>\n\n\n\n<p>Amennyiben az \u00f6sszeg egy \u00e9ven bel\u00fcl el\u00e9ri az 1&nbsp;000 000 Ft-ot, h\u0171s\u00e9gedet egy 150 000 Ft \u00e9rt\u00e9k\u0171 Sz\u00e9ps\u00e9g\u00adk\u00e1r\u00adty\u00e1val jutalmazzuk.<\/p>\n\n\n\n<h2 class=\"wp-block-heading\">R\u00e9szletes felt\u00e9\u00adtelek:<\/h2>\n\n\n\n<ul class=\"wp-block-list\">\n<li>A programban minden 18 \u00e9v feletti v\u00e1s\u00e1rl\u00f3 r\u00e9szt vehet, aki a&nbsp;Dermart Buda Klinik\u00e1n v\u00e1s\u00e1rol \u00e9s meg\u0151rzi a&nbsp;Dermart Beauty Kft. \u00e1ltal ki\u00e1ll\u00ed\u00adtott sz\u00e1ml\u00e1kat.&nbsp;<\/li>\n\n\n\n<li>A v\u00e1s\u00e1r\u00adl\u00e1sok \u00f6sszege a&nbsp;h\u0171s\u00e9g\u00adprogram indul\u00e1s\u00e1t k\u00f6vet\u0151 els\u0151 v\u00e1s\u00e1rl\u00e1s d\u00e1tum\u00e1t\u00f3l gy\u0171jt\u00adhet\u0151 (2024. j\u00fanius 1.).&nbsp;<\/li>\n\n\n\n<li>A Sz\u00e9ps\u00e9g\u00adk\u00e1rtya a&nbsp;ki\u00e1ll\u00ed\u00adt\u00e1st\u00f3l sz\u00e1m\u00ed\u00adtott 1&nbsp;\u00e9ven bel\u00fcl haszn\u00e1l\u00adhat\u00f3 fel, kiz\u00e1r\u00f3lag a&nbsp;k\u00e1rty\u00e1n szerepl\u0151 n\u00e9vre sz\u00f3l\u00f3an, a&nbsp;Dermart Buda Klinika kezel\u00e9seire.&nbsp;<\/li>\n\n\n\n<li>A k\u00e1rtya nem v\u00e1lthat\u00f3 k\u00e9szp\u00e9nzre, nem \u00e1truh\u00e1z\u00adhat\u00f3 \u00e9s m\u00e1s akci\u00f3kkal nem vonhat\u00f3 \u00f6ssze.<\/li>\n<\/ul>\n\n\n\n<p><\/p>\n","protected":false},"excerpt":{"rendered":"<p>V\u00e1s\u00e1rolj kedvenc kozme\u00adtikai, sz\u00e9ps\u00e9g\u00ad\u00e1po\u00adl\u00e1si term\u00e9\u00adke\u00adidb\u0151l a&nbsp;Dermart Bud\u00e1n\u00e1l \u00e9s \u00e9lvezd h\u0171s\u00e9g\u00e9d jutalm\u00e1t! H\u0171s\u00e9g\u00adprog\u00adra\u00admunk r\u00e9szt\u00adve\u00adv\u0151it v\u00e1s\u00e1r\u00adl\u00e1\u00adsaik \u00e9ves \u00f6sszege alapj\u00e1n jutal\u00admazzuk.&nbsp; Amennyiben v\u00e1s\u00e1r\u00adl\u00e1\u00adsaid \u00f6ssz\u00e9r\u00adt\u00e9ke el\u00e9ri a&nbsp;megha\u00adt\u00e1\u00adro\u00adzott \u00e9rt\u00e9k\u00adha\u00adt\u00e1\u00adrokat, Sz\u00e9ps\u00e9g\u00adk\u00e1r\u00adty\u00e1t adunk aj\u00e1nd\u00e9kba, amely a&nbsp;Dermart Buda Klinika kezel\u00e9\u00adseire v\u00e1lthat\u00f3 be a&nbsp;dermartbuda.hu oldalon felt\u00fcn\u00adte\u00adtett \u00e1rak szerint.&nbsp; Amennyiben v\u00e1s\u00e1r\u00adl\u00e1\u00adsaid \u00f6ssz\u00e9r\u00adt\u00e9ke el\u00e9ri az 500 000 Ft-ot, egy 50 000 Ft \u00e9rt\u00e9k\u0171 Sz\u00e9ps\u00e9g\u00adk\u00e1r\u00adty\u00e1t adunk aj\u00e1nd\u00e9kba.&nbsp;[\u2026]<\/p>\n","protected":false},"author":2,"featured_media":2016,"parent":0,"menu_order":0,"comment_status":"closed","ping_status":"closed","template":"","meta":{"_acf_changed":false,"inline_featured_image":false,"wp_typography_post_enhancements_disabled":false,"footnotes":""},"class_list":["post-2098","page","type-page","status-publish","has-post-thumbnail","hentry"],"acf":[],"_links":{"self":[{"href":"https:\/\/dev.fortydrops.eu\/dermartbuda.hu\/wp-json\/wp\/v2\/pages\/2098","targetHints":{"allow":["GET"]}}],"collection":[{"href":"https:\/\/dev.fortydrops.eu\/dermartbuda.hu\/wp-json\/wp\/v2\/pages"}],"about":[{"href":"https:\/\/dev.fortydrops.eu\/dermartbuda.hu\/wp-json\/wp\/v2\/types\/page"}],"author":[{"embeddable":true,"href":"https:\/\/dev.fortydrops.eu\/dermartbuda.hu\/wp-json\/wp\/v2\/users\/2"}],"replies":[{"embeddable":true,"href":"https:\/\/dev.fortydrops.eu\/dermartbuda.hu\/wp-json\/wp\/v2\/comments?post=2098"}],"version-history":[{"count":7,"href":"https:\/\/dev.fortydrops.eu\/dermartbuda.hu\/wp-json\/wp\/v2\/pages\/2098\/revisions"}],"predecessor-version":[{"id":2113,"href":"https:\/\/dev.fortydrops.eu\/dermartbuda.hu\/wp-json\/wp\/v2\/pages\/2098\/revisions\/2113"}],"wp:featuredmedia":[{"embeddable":true,"href":"https:\/\/dev.fortydrops.eu\/dermartbuda.hu\/wp-json\/wp\/v2\/media\/2016"}],"wp:attachment":[{"href":"https:\/\/dev.fortydrops.eu\/dermartbuda.hu\/wp-json\/wp\/v2\/media?parent=2098"}],"curies":[{"name":"wp","href":"https:\/\/api.w.org\/{rel}","templated":true}]}}